{"id":9,"date":"2016-04-20T10:40:43","date_gmt":"2016-04-20T08:40:43","guid":{"rendered":"http:\/\/vebapro.de\/?page_id=9"},"modified":"2016-04-27T08:27:01","modified_gmt":"2016-04-27T06:27:01","slug":"impressum","status":"publish","type":"page","link":"https:\/\/vebapro.de\/?page_id=9","title":{"rendered":"Impressum"},"content":{"rendered":"<h1>Impressum<\/h1>\n<p>Gem\u00e4\u00df \u00a7 28 BDSG widerspreche Ich jeder kommerziellen Verwendung und jeder sonstigen Weitergabe und anderweitigen Ver\u00f6ffentlichung unten stehender Daten.<\/p>\n<h2>Anbieter\/Design<\/h2>\n<p>VeBaPro Versicherungsmakler<br \/>\nVersicherungsmakler<br \/>\nInh. Lars Grumann<br \/>\nEichenweg 16<br \/>\n53937 Schleiden-Gem\u00fcnd<br \/>\nTel.: 02444-914441<br \/>\nFax: 02444-4740500<\/p>\n<p>T\u00e4tig als Versicherungsmakler mit einer Erlaubnis nach \u00a7 34d Abs.1 der Gewerbeordnung. Registrierungs-Nr. D-RP08-3T7EY-94 erteilt durch die IHK Aachen, Theaterstra\u00dfe 6 &#8211; 10<br \/>\n52062 Aachen, <a href=\"https:\/\/www.aachen.ihk.de\/\">https:\/\/www.aachen.ihk.de\/<\/a><\/p>\n<p>Verantwortlicher i.S.d. Presserechtes und \u00a7\u00a75 TMG, 55 RSTV: Lars Grumann, Adresse wie vorstehend.<\/p>\n<p>&nbsp;<\/p>\n<p>Berufsbezeichnung: Versicherungsmakler<\/p>\n<p>Statusangabe wie im Vermittlerregister eingetragen \u2013 Bundesrepublik Deutschland.<\/p>\n<p>Berufliche Regelungen: \u00a7 34d Gewerbeordnung, \u00a7\u00a7 59-68 Versicherungsvertragsgesetz, Versicherungsvermittlungsverordnung.<\/p>\n<p>Die berufsrechtlichen Regelungen k\u00f6nnen \u00fcber die vom Bundesministerium der Justiz und von der juris GmbH betriebenen Homepage \u00a0www.gesetze-im-internet.de \u00a0eingesehen und abgerufen werden.<\/p>\n<p>&nbsp;<\/p>\n<p>Die gemeinsame Registrierstelle befindet sich beim Deutschen Industrie- und Handelskammertag (DIHK) e.V. in 10178 Berlin, Breite Str. 29, Tel. 0180 600 58 50<\/p>\n<p>(Festnetzpreis 0,20 \u20ac\/Anruf; Mobilfunkpreise maximal 0,60 \u20ac\/Anruf)<\/p>\n<p>&nbsp;<\/p>\n<p>Internet: <a href=\"http:\/\/www.vermittlerregister.info\">www.vermittlerregister.info<\/a><\/p>\n<p>Registrierungsnummer: D-RP08-3T7EY-94\u00a0 \u00a7 34d GewO<br \/>\nBei Beschwerden k\u00f6nnen Sie sich wahlweise wenden an<br \/>\n&#8211; den Versicherungsombudsmann e.V., Prof. Dr. G\u00fcnter Hirsch, Postfach 080632, 10006 Berlin<br \/>\n&#8211; den Ombudsmann f\u00fcr die private Kranken- und Pflegeversicherung, Heinz Lanfermann, Postfach 06 02 22, 10052 Berlin<br \/>\n&#8211; Bundesanstalt f\u00fcr Finanzdienstleistungsaufsicht (BaFin) 53117 Bonn, Graurheindorfer Str.108.<\/p>\n<p>(c)Design<br \/>\nDecker Communication GmbH<br \/>\nMichael Zedlach<br \/>\n53902 Bad M\u00fcnstereifel<br \/>\nMail: info[at]dkc.de<\/p>\n<h2>Abgrenzung<\/h2>\n<p>Die Web-Pr\u00e4senz http:\/\/www.vebapro.de ist Teil des WWW und dementsprechend mit fremden, sich jederzeit wandeln k\u00f6nnenden Web-Sites verkn\u00fcpft, die folglich auch nicht diesem Verantwortungsbereich unterliegen und f\u00fcr die nachfolgende Informationen nicht gelten. Dass die Links weder gegen Sitten noch Gesetze versto\u00dfen, wurde genau ein mal gepr\u00fcft, bevor sie hier aufgenommen wurden<\/p>\n<h2>Schutzrechtsverletzung<\/h2>\n<p>Falls Sie vermuten, dass von dieser Website aus eines Ihrer Schutzrechte verletzt wird, teilen Sie das bitte umgehend per elektronischer Post ( info@dkc.de) mit, damit z\u00fcgig Abhilfe geschafft werden kann. Bitte nehmen Sie zur Kenntnis: Die zeitaufw\u00e4ndigere Einschaltung eines Anwaltes, zur f\u00fcr den Diensteanbieter kostenpflichtigen Abmahnung entspricht nicht dessen wirklichen oder mutma\u00dflichen Willen.<\/p>\n<h2>Darstellung und Technik&#8230;<\/h2>\n<p>Diese Seiten wurden mit dem Content-Management System erstellt, beruhen auf aktuellsten\u00a0Definitionen und wurden mit \u00fcblichen Browsern und Betriebssystemen getestet. Sollten Sie mit Ihrer Konfiguration Probleme bei der Darstellung unsere Seiten haben, freuen wir uns \u00fcber eine kurze Mitteilung. Auch Anregungen und Kritik oder Vorschl\u00e4ge zur Gestaltung dieser Seiten sind herzlich willkommen.<\/p>\n<p><strong>\u00a0<\/strong><\/p>\n<h2>Datenerhebung<\/h2>\n<p>Ich m\u00f6chten darauf aufmerksam machen, dass Ihre im Rahmen der Formulare erhobenen Daten ausschlie\u00dflich f\u00fcr die Abwicklung der entsprechenden Aktivit\u00e4ten genutzt werden. F\u00fcr die Abwicklung einer Bestellung\/Informationsanforderung ist Ihre Einwilligung nicht erforderlich.<\/p>\n<p><strong>\u00a0<\/strong><\/p>\n<h2>Datenschutzerkl\u00e4rung<\/h2>\n<p>Ich, Lars Grumann, habe es mir als Priorit\u00e4t gesetzt Ihre personenbezogenen Daten zu sch\u00fctzen. Personenbezogene Daten sind alle Daten, die in Zusammenhang mit der Email-Adresse gespeichert sind. Wir nutzt Ihre Daten ausschlie\u00dflich zur Auswertung Ihrer Bed\u00fcrfnisse mit dem Ziel, das Produktangebot zu optimieren.<br \/>\nVe Ba Pro Versicherungsmakler Inh. Lars Grumann verkauft Ihre personenbezogenen Daten nicht an Dritte.<br \/>\nVe Ba Pro Versicherungsmakler Inh. Lars Grumann trifft generell gr\u00f6\u00dftm\u00f6gliche Vorkehrungen f\u00fcr die Sicherheit Ihrer Daten.<br \/>\nDaneben gibt es Daten, die nicht personenbezogen von uns gesammelt werden.<br \/>\nDiese Daten dienen zur technischen Orientierung in unserem Angebot und werden nicht mit Ihren personenbezogenen Daten verkn\u00fcpft.<\/p>\n<p>&nbsp;<\/p>\n<p><strong>\u00a0<\/strong><\/p>\n<h2>Einverst\u00e4ndnis<\/h2>\n<p>Sie k\u00f6nnen frei dar\u00fcber entscheiden ob Sie Ihr Einverst\u00e4ndnis f\u00fcr die Zusendung weiterer Informationen aufrechterhalten: Sofern Sie dies nicht mehr w\u00fcnschen, bitten wir um Zusendung einer kurzen Email an info[at]vebapro.de. Selbstverst\u00e4ndlich k\u00f6nnen Sie Ihre Einwilligung auch schriftlich widerrufen.<\/p>\n<h2>Keine Abmahnung ohne vorherigen Kontakt<\/h2>\n<p>Sollte der Inhalt oder die Aufmachung dieser Seiten Rechte Dritter oder gesetzliche Bestimmungen verletzen, bitten wir um eine entsprechende Nachricht ohne Kostennote. Die Kostennote einer anwaltlichen Abmahnung ohne vorhergehende Kontaktaufnahme mit uns wird im Sinne der Schadensminderungspflicht als unbegr\u00fcndet zur\u00fcckgewiesen.<\/p>\n<p><strong>\u00a0<\/strong><\/p>\n<h2>Rechtswirksamkeit dieses Haftungsausschlusses<\/h2>\n<p>Dieser Haftungsausschluss ist als Teil des Internetangebotes zu betrachten, von dem aus auf diese Seite verwiesen wurde. Sofern Teile oder einzelne Formulierungen dieses Textes der geltenden Rechtslage nicht, nicht mehr oder nicht vollst\u00e4ndig entsprechen sollten, bleiben die \u00fcbrigen Teile des Dokumentes in ihrem Inhalt und ihrer G\u00fcltigkeit davon unber\u00fchrt.<\/p>\n<p><strong>\u00a0<\/strong><\/p>\n<p><strong>\u00a0<\/strong><\/p>\n<p><strong>\u00a0<\/strong><\/p>\n<p><strong>\u00a0<\/strong><\/p>\n","protected":false},"excerpt":{"rendered":"<p>Impressum Gem\u00e4\u00df \u00a7 28 BDSG widerspreche Ich jeder kommerziellen Verwendung und jeder sonstigen Weitergabe und anderweitigen Ver\u00f6ffentlichung unten stehender Daten. Anbieter\/Design VeBaPro Versicherungsmakler Versicherungsmakler Inh. Lars Grumann Eichenweg 16 53937 Schleiden-Gem\u00fcnd Tel.: 02444-914441 Fax: 02444-4740500 T\u00e4tig als Versicherungsmakler mit einer Erlaubnis nach \u00a7 34d Abs.1 der Gewerbeordnung. Registrierungs-Nr. D-RP08-3T7EY-94 erteilt durch die IHK Aachen, Theaterstra\u00dfe &hellip; <a href=\"https:\/\/vebapro.de\/?page_id=9\" class=\"more-link\"><span class=\"screen-reader-text\">\u201eImpressum\u201c<\/span> weiterlesen<\/a><\/p>\n","protected":false},"author":1,"featured_media":0,"parent":0,"menu_order":0,"comment_status":"closed","ping_status":"closed","template":"","meta":{"footnotes":""},"class_list":["post-9","page","type-page","status-publish","hentry"],"_links":{"self":[{"href":"https:\/\/vebapro.de\/index.php?rest_route=\/wp\/v2\/pages\/9","targetHints":{"allow":["GET"]}}],"collection":[{"href":"https:\/\/vebapro.de\/index.php?rest_route=\/wp\/v2\/pages"}],"about":[{"href":"https:\/\/vebapro.de\/index.php?rest_route=\/wp\/v2\/types\/page"}],"author":[{"embeddable":true,"href":"https:\/\/vebapro.de\/index.php?rest_route=\/wp\/v2\/users\/1"}],"replies":[{"embeddable":true,"href":"https:\/\/vebapro.de\/index.php?rest_route=%2Fwp%2Fv2%2Fcomments&post=9"}],"version-history":[{"count":5,"href":"https:\/\/vebapro.de\/index.php?rest_route=\/wp\/v2\/pages\/9\/revisions"}],"predecessor-version":[{"id":19,"href":"https:\/\/vebapro.de\/index.php?rest_route=\/wp\/v2\/pages\/9\/revisions\/19"}],"wp:attachment":[{"href":"https:\/\/vebapro.de\/index.php?rest_route=%2Fwp%2Fv2%2Fmedia&parent=9"}],"curies":[{"name":"wp","href":"https:\/\/api.w.org\/{rel}","templated":true}]}}